{"id":2341,"date":"2024-10-17T09:16:41","date_gmt":"2024-10-17T07:16:41","guid":{"rendered":"https:\/\/na-bremen.de\/?page_id=2341"},"modified":"2025-08-06T11:16:22","modified_gmt":"2025-08-06T09:16:22","slug":"nachhaltigkeit","status":"publish","type":"page","link":"https:\/\/na-bremen.de\/en\/nachhaltigkeit\/","title":{"rendered":"Nachhaltigkeit"},"content":{"rendered":"\n<p class=\"has-text-align-right\"><em>(Stand: 17.10.2024)<\/em><\/p>\n\n\n\n<h2 class=\"wp-block-heading\">Leitbild Nachhaltigkeit und Klimaschutz<\/h2>\n\n\n\n<p>Das Nachbarschaftshaus Bremen versteht sich als aktiver Gestalter von \u00f6kologischer Nachhaltigkeit und Klimaschutz. Im Bewusstsein der dr\u00e4ngenden globalen Herausforderungen \u00fcbernehmen wir Verantwortung und gestalten unseren Alltag sowie unsere Angebote ressourcenschonend, klimafreundlich und zukunftsorientiert. Dabei verbessern wir stetig unsere Prozesse und erweitern die Handlungsfelder.<\/p>\n\n\n\n<div class=\"wp-block-columns is-layout-flex wp-container-core-columns-is-layout-9d6595d7 wp-block-columns-is-layout-flex\">\n<div class=\"wp-block-column is-layout-flow wp-block-column-is-layout-flow\" style=\"flex-basis:66.66%\">\n<p>Unsere Vision ist eine Einrichtung, die von innen heraus w\u00e4chst und Ver\u00e4nderung initiiert, indem sie sowohl Mitarbeitende als auch Publikum und Nutzende f\u00fcr nachhaltiges Handeln begeistert. Durch den Abbau von Vorurteilen gegen\u00fcber dem Thema Nachhaltigkeit schaffen wir einen Raum, der Offenheit, Teilhabe und Diversit\u00e4t erm\u00f6glicht. Wir bieten allen Menschen \u2013 unabh\u00e4ngig von Alter, Herkunft oder Lebenssituation \u2013 die Chance, sich einzubringen, gemeinsam zu lernen und L\u00f6sungen zu finden.<\/p>\n<\/div>\n\n\n\n<div class=\"wp-block-column is-layout-flow wp-block-column-is-layout-flow\" style=\"flex-basis:33.33%\">\n<figure class=\"wp-block-image size-large\"><img decoding=\"async\" width=\"1024\" height=\"768\" src=\"https:\/\/na-bremen.de\/wp-content\/uploads\/2023\/07\/IMG_3296-1024x768.jpg\" alt=\"\" class=\"wp-image-847\" srcset=\"https:\/\/na-bremen.de\/wp-content\/uploads\/2023\/07\/IMG_3296-1024x768.jpg 1024w, https:\/\/na-bremen.de\/wp-content\/uploads\/2023\/07\/IMG_3296-300x225.jpg 300w, https:\/\/na-bremen.de\/wp-content\/uploads\/2023\/07\/IMG_3296-768x576.jpg 768w, https:\/\/na-bremen.de\/wp-content\/uploads\/2023\/07\/IMG_3296-1600x1200.jpg 1600w, https:\/\/na-bremen.de\/wp-content\/uploads\/2023\/07\/IMG_3296-1536x1152.jpg 1536w, https:\/\/na-bremen.de\/wp-content\/uploads\/2023\/07\/IMG_3296.jpg 1920w\" sizes=\"(max-width: 1024px) 100vw, 1024px\" \/><\/figure>\n<\/div>\n<\/div>\n\n\n\n<h3 class=\"wp-block-heading\">Im Zentrum unseres Handelns stehen folgende Leitlinien:<\/h3>\n\n\n\n<ol start=\"1\" class=\"wp-block-list\">\n<li><strong>\u00d6kologische Verantwortung<\/strong>: Wir erfassen unseren Ressourcenverbrauch und vermeiden und reduzieren diesen kontinuierlich. Wir steigern die Nutzungsdauer unserer Materialien und Technik. Unser Ziel ist es, die CO2-Emissionen unserer Einrichtung Jahr f\u00fcr Jahr zu reduzieren, indem wir Energie effizient nutzen, nachhaltige Mobilit\u00e4tskonzepte f\u00f6rdern und technologische Innovationen einf\u00fchren.<\/li>\n\n\n\n<li><strong>Gemeinschaft und Teilhabe<\/strong>: Wir schaffen R\u00e4ume, in denen sich Menschen aller Altersgruppen und Hintergr\u00fcnde, unabh\u00e4ngig von Geschlecht, Alter, Herkunft oder Religion, engagieren und kreativ an der Entwicklung und Umsetzung nachhaltiger Ideen beteiligen k\u00f6nnen. Besonders wichtig ist uns, die j\u00fcngere Generation als Zukunftstr\u00e4gerin zu f\u00f6rdern und gleichzeitig den Dialog mit \u00e4lteren Menschen aufrechtzuerhalten.<\/li>\n\n\n\n<li><strong>Innovationen wagen und vorleben<\/strong>: Unsere Einrichtung ist ein Ort, an dem nachhaltige Ideen nicht nur gedacht, sondern ausprobiert und umgesetzt werden k\u00f6nnen.<\/li>\n\n\n\n<li><strong>Transparenz und Dialog<\/strong>: Wir berichten regelm\u00e4\u00dfig \u00fcber unsere Fortschritte und Herausforderungen im Bereich Nachhaltigkeit. Durch Offenheit und Kommunikation innerhalb der Einrichtung und in den Stadtteil hinein m\u00f6chten wir das Bewusstsein f\u00fcr \u00f6kologische Themen weiter sch\u00e4rfen und positive Ver\u00e4nderungen ansto\u00dfen.<\/li>\n\n\n\n<li><strong>Lokale Vernetzung und Biodiversit\u00e4t<\/strong>: Unser Haus ist fest im Stadtteil verankert. Wir f\u00f6rdern die Biodiversit\u00e4t vor Ort und gestalten unser Geb\u00e4ude sowie Au\u00dfenfl\u00e4chen nach den Prinzipien der Nachhaltigkeit. Wir schaffen Schnittmengen zwischen unterschiedlichen Gruppen und f\u00f6rdern den Konsens, um gemeinsam unsere Umwelt zu sch\u00fctzen und zu gestalten.<\/li>\n<\/ol>\n\n\n\n<p>Durch unsere Arbeit m\u00f6chten wir Hoffnung geben, begeistern und zum Mitmachen anregen. Wir brechen Barrieren, denken anders und handeln innovativ \u2013 f\u00fcr eine nachhaltige Zukunft, die wir gemeinsam gestalten.<\/p>\n\n\n\n<hr class=\"wp-block-separator has-alpha-channel-opacity\"\/>\n\n\n\n<h2 class=\"wp-block-heading\">Der na\u2019turgarten<\/h2>\n\n\n\n<p>In 2024\/2025 ist auf dem Gel\u00e4nde des Nachbarschaftshauses ein Naturgarten mit Hochbeeten und Gr\u00fcnfl\u00e4che entstanden. Wie der Garten aufgebaut und das Projekt durchgef\u00fchrt wurde haben wir hier zusammengefasst. <a href=\"https:\/\/na-bremen.de\/naturgarten\/\">https:\/\/na-bremen.de\/naturgarten\/<\/a><\/p>\n\n\n\n<p>Sie m\u00f6chten den Garten besuchen oder selbst g\u00e4rtnern? Melden Sie sich gern bei uns!<\/p>\n\n\n\n<hr class=\"wp-block-separator has-alpha-channel-opacity\"\/>\n\n\n\n<h2 class=\"wp-block-heading\"><strong>Nachhaltigkeitsdeklaration von Culture4Climate<\/strong><\/h2>\n\n\n\n<p>Wir haben die&nbsp;<strong>Nachhaltigkeitsdeklaration von Culture4Climate<\/strong>&nbsp;unterzeichnet und uns damit verpflichtet, aktiv an einer zukunftsf\u00e4higen und umweltfreundlichen Kulturbranche mitzuwirken.<\/p>\n\n\n\n<ul class=\"wp-block-list\">\n<li><strong>Verantwortung \u00fcbernehmen:<\/strong>&nbsp;Wir erkennen die Dringlichkeit der Klimakrise an und verpflichten uns, unseren \u00f6kologischen Fu\u00dfabdruck zu minimieren.<\/li>\n\n\n\n<li><strong>Ressourcen schonen:<\/strong>&nbsp;Durch nachhaltige Ma\u00dfnahmen wie die Nutzung erneuerbarer Energien und die Vermeidung von Abfall tragen wir zur Ressourcenschonung bei.<\/li>\n\n\n\n<li><strong>Kultur und Klima verbinden:<\/strong>&nbsp;Als kulturelle Institution sehen wir uns in der Verantwortung, Bewusstsein f\u00fcr Umwelt- und Klimaschutz zu schaffen und dieses aktiv in unsere Arbeit einzubinden.<\/li>\n\n\n\n<li><strong>Transparenz f\u00f6rdern:<\/strong>&nbsp;Wir streben danach, offen \u00fcber unsere Ma\u00dfnahmen und Fortschritte zu berichten, um einen ehrlichen Beitrag zur Klimagerechtigkeit zu leisten.<\/li>\n<\/ul>\n\n\n\n<p>Wir setzen uns f\u00fcr die Ziele der Deklaration ein, indem wir:<\/p>\n\n\n\n<ul class=\"wp-block-list\">\n<li>Nachhaltige Produktions- und Veranstaltungsprozesse einf\u00fchren,<\/li>\n\n\n\n<li>Menschen zu einem umweltbewussten Handeln inspirieren,<\/li>\n\n\n\n<li>Partnerschaften f\u00f6rdern, die den Klimaschutz st\u00e4rken.<\/li>\n<\/ul>\n\n\n\n<p><strong>Mehr \u00fcber die Nachhaltigkeitsdeklaration erfahren Sie hier:<\/strong><br><a href=\"https:\/\/culture4climate.de\/deklaration\/\">https:\/\/culture4climate.de\/deklaration\/<\/a><\/p>\n\n\n\n<p><\/p>\n","protected":false},"excerpt":{"rendered":"<p>(Stand: 17.10.2024) Leitbild Nachhaltigkeit und Klimaschutz Das Nachbarschaftshaus Bremen versteht sich als aktiver Gestalter von \u00f6kologischer Nachhaltigkeit und Klimaschutz. Im Bewusstsein der dr\u00e4ngenden globalen Herausforderungen \u00fcbernehmen wir Verantwortung und gestalten [&hellip;]<\/p>\n","protected":false},"author":2,"featured_media":848,"parent":0,"menu_order":0,"comment_status":"closed","ping_status":"closed","template":"","meta":{"_EventAllDay":false,"_EventTimezone":"","_EventStartDate":"","_EventEndDate":"","_EventStartDateUTC":"","_EventEndDateUTC":"","_EventShowMap":false,"_EventShowMapLink":false,"_EventURL":"","_EventCost":"","_EventCostDescription":"","_EventCurrencySymbol":"","_EventCurrencyCode":"","_EventCurrencyPosition":"","_EventDateTimeSeparator":"","_EventTimeRangeSeparator":"","_EventOrganizerID":[],"_EventVenueID":[],"_OrganizerEmail":"","_OrganizerPhone":"","_OrganizerWebsite":"","_VenueAddress":"","_VenueCity":"","_VenueCountry":"","_VenueProvince":"","_VenueState":"","_VenueZip":"","_VenuePhone":"","_VenueURL":"","_VenueStateProvince":"","_VenueLat":"","_VenueLng":"","_VenueShowMap":false,"_VenueShowMapLink":false,"footnotes":""},"class_list":["post-2341","page","type-page","status-publish","has-post-thumbnail","hentry"],"translation":{"provider":"WPGlobus","version":"3.0.2","language":"en","enabled_languages":["de","en"],"languages":{"de":{"title":true,"content":true,"excerpt":false},"en":{"title":false,"content":false,"excerpt":false}}},"yoast_head":"<!-- This site is optimized with the Yoast SEO plugin v27.2 - https:\/\/yoast.com\/product\/yoast-seo-wordpress\/ -->\n<title>Nachhaltigkeit - na&#039;<\/title>\n<meta name=\"robots\" content=\"index, follow, max-snippet:-1, max-image-preview:large, max-video-preview:-1\" \/>\n<link rel=\"canonical\" href=\"https:\/\/na-bremen.de\/nachhaltigkeit\/\" \/>\n<meta property=\"og:locale\" content=\"en_US\" \/>\n<meta property=\"og:type\" content=\"article\" \/>\n<meta property=\"og:title\" content=\"Nachhaltigkeit - na&#039;\" \/>\n<meta property=\"og:url\" content=\"https:\/\/na-bremen.de\/nachhaltigkeit\/\" \/>\n<meta property=\"og:site_name\" content=\"na&#039;\" \/>\n<meta property=\"article:modified_time\" content=\"2025-08-06T09:16:22+00:00\" \/>\n<meta property=\"og:image\" content=\"https:\/\/na-bremen.de\/wp-content\/uploads\/2023\/07\/IMG_3270.jpg\" \/>\n\t<meta property=\"og:image:width\" content=\"1920\" \/>\n\t<meta property=\"og:image:height\" content=\"1440\" \/>\n\t<meta property=\"og:image:type\" content=\"image\/jpeg\" \/>\n<meta name=\"twitter:card\" content=\"summary_large_image\" \/>\n<meta name=\"twitter:label1\" content=\"Est. reading time\" \/>\n\t<meta name=\"twitter:data1\" content=\"4 minutes\" \/>\n<script type=\"application\/ld+json\" class=\"yoast-schema-graph\">{\"@context\":\"https:\/\/schema.org\",\"@graph\":[{\"@type\":\"WebPage\",\"@id\":\"https:\/\/na-bremen.de\/nachhaltigkeit\/\",\"url\":\"https:\/\/na-bremen.de\/nachhaltigkeit\/\",\"name\":\"Nachhaltigkeit - na&#039;\",\"isPartOf\":{\"@id\":\"https:\/\/na-bremen.de\/#website\"},\"primaryImageOfPage\":{\"@id\":\"https:\/\/na-bremen.de\/nachhaltigkeit\/#primaryimage\"},\"image\":{\"@id\":\"https:\/\/na-bremen.de\/nachhaltigkeit\/#primaryimage\"},\"thumbnailUrl\":\"https:\/\/na-bremen.de\/wp-content\/uploads\/2023\/07\/IMG_3270.jpg\",\"datePublished\":\"2024-10-17T07:16:41+00:00\",\"dateModified\":\"2025-08-06T09:16:22+00:00\",\"description\":\"Erfahren Sie, wie wir Nachhaltigkeit in unseren Alltag integrieren und uns f\u00fcr eine ressourcenschonende Zukunft engagieren.\",\"breadcrumb\":{\"@id\":\"https:\/\/na-bremen.de\/nachhaltigkeit\/#breadcrumb\"},\"inLanguage\":\"en-US\",\"potentialAction\":[{\"@type\":\"ReadAction\",\"target\":[\"https:\/\/na-bremen.de\/nachhaltigkeit\/\"]}]},{\"@type\":\"ImageObject\",\"inLanguage\":\"en-US\",\"@id\":\"https:\/\/na-bremen.de\/nachhaltigkeit\/#primaryimage\",\"url\":\"https:\/\/na-bremen.de\/wp-content\/uploads\/2023\/07\/IMG_3270.jpg\",\"contentUrl\":\"https:\/\/na-bremen.de\/wp-content\/uploads\/2023\/07\/IMG_3270.jpg\",\"width\":1920,\"height\":1440},{\"@type\":\"BreadcrumbList\",\"@id\":\"https:\/\/na-bremen.de\/nachhaltigkeit\/#breadcrumb\",\"itemListElement\":[{\"@type\":\"ListItem\",\"position\":1,\"name\":\"Startseite\",\"item\":\"https:\/\/na-bremen.de\/\"},{\"@type\":\"ListItem\",\"position\":2,\"name\":\"Nachhaltigkeit\"}]},{\"@type\":\"WebSite\",\"@id\":\"https:\/\/na-bremen.de\/#website\",\"url\":\"https:\/\/na-bremen.de\/\",\"name\":\"na&#039;\",\"description\":\"neighborhood house Helen Kaisen\",\"publisher\":{\"@id\":\"https:\/\/na-bremen.de\/#organization\"},\"potentialAction\":[{\"@type\":\"SearchAction\",\"target\":{\"@type\":\"EntryPoint\",\"urlTemplate\":\"https:\/\/na-bremen.de\/?s={search_term_string}\"},\"query-input\":{\"@type\":\"PropertyValueSpecification\",\"valueRequired\":true,\"valueName\":\"search_term_string\"}}],\"inLanguage\":\"en-US\"},{\"@type\":\"Organization\",\"@id\":\"https:\/\/na-bremen.de\/#organization\",\"name\":\"Nachbarschaftshaus Helene Kaisen\",\"alternateName\":\"na'\",\"url\":\"https:\/\/na-bremen.de\/\",\"logo\":{\"@type\":\"ImageObject\",\"inLanguage\":\"en-US\",\"@id\":\"https:\/\/na-bremen.de\/#\/schema\/logo\/image\/\",\"url\":\"https:\/\/na-bremen.de\/wp-content\/uploads\/2023\/02\/logo-na.svg\",\"contentUrl\":\"https:\/\/na-bremen.de\/wp-content\/uploads\/2023\/02\/logo-na.svg\",\"width\":75,\"height\":75,\"caption\":\"Nachbarschaftshaus Helene Kaisen\"},\"image\":{\"@id\":\"https:\/\/na-bremen.de\/#\/schema\/logo\/image\/\"}}]}<\/script>\n<!-- \/ Yoast SEO plugin. -->","yoast_head_json":{"title":"Nachhaltigkeit - na&#039;","robots":{"index":"index","follow":"follow","max-snippet":"max-snippet:-1","max-image-preview":"max-image-preview:large","max-video-preview":"max-video-preview:-1"},"canonical":"https:\/\/na-bremen.de\/nachhaltigkeit\/","og_locale":"en_US","og_type":"article","og_title":"Nachhaltigkeit - na&#039;","og_url":"https:\/\/na-bremen.de\/nachhaltigkeit\/","og_site_name":"na&#039;","article_modified_time":"2025-08-06T09:16:22+00:00","og_image":[{"width":1920,"height":1440,"url":"https:\/\/na-bremen.de\/wp-content\/uploads\/2023\/07\/IMG_3270.jpg","type":"image\/jpeg"}],"twitter_card":"summary_large_image","twitter_misc":{"Est. reading time":"4 minutes"},"schema":{"@context":"https:\/\/schema.org","@graph":[{"@type":"WebPage","@id":"https:\/\/na-bremen.de\/nachhaltigkeit\/","url":"https:\/\/na-bremen.de\/nachhaltigkeit\/","name":"Nachhaltigkeit - na&#039;","isPartOf":{"@id":"https:\/\/na-bremen.de\/#website"},"primaryImageOfPage":{"@id":"https:\/\/na-bremen.de\/nachhaltigkeit\/#primaryimage"},"image":{"@id":"https:\/\/na-bremen.de\/nachhaltigkeit\/#primaryimage"},"thumbnailUrl":"https:\/\/na-bremen.de\/wp-content\/uploads\/2023\/07\/IMG_3270.jpg","datePublished":"2024-10-17T07:16:41+00:00","dateModified":"2025-08-06T09:16:22+00:00","description":"Erfahren Sie, wie wir Nachhaltigkeit in unseren Alltag integrieren und uns f\u00fcr eine ressourcenschonende Zukunft engagieren.","breadcrumb":{"@id":"https:\/\/na-bremen.de\/nachhaltigkeit\/#breadcrumb"},"inLanguage":"en-US","potentialAction":[{"@type":"ReadAction","target":["https:\/\/na-bremen.de\/nachhaltigkeit\/"]}]},{"@type":"ImageObject","inLanguage":"en-US","@id":"https:\/\/na-bremen.de\/nachhaltigkeit\/#primaryimage","url":"https:\/\/na-bremen.de\/wp-content\/uploads\/2023\/07\/IMG_3270.jpg","contentUrl":"https:\/\/na-bremen.de\/wp-content\/uploads\/2023\/07\/IMG_3270.jpg","width":1920,"height":1440},{"@type":"BreadcrumbList","@id":"https:\/\/na-bremen.de\/nachhaltigkeit\/#breadcrumb","itemListElement":[{"@type":"ListItem","position":1,"name":"Startseite","item":"https:\/\/na-bremen.de\/"},{"@type":"ListItem","position":2,"name":"Nachhaltigkeit"}]},{"@type":"WebSite","@id":"https:\/\/na-bremen.de\/#website","url":"https:\/\/na-bremen.de\/","name":"na&#039;","description":"neighborhood house Helen Kaisen","publisher":{"@id":"https:\/\/na-bremen.de\/#organization"},"potentialAction":[{"@type":"SearchAction","target":{"@type":"EntryPoint","urlTemplate":"https:\/\/na-bremen.de\/?s={search_term_string}"},"query-input":{"@type":"PropertyValueSpecification","valueRequired":true,"valueName":"search_term_string"}}],"inLanguage":"en-US"},{"@type":"Organization","@id":"https:\/\/na-bremen.de\/#organization","name":"Nachbarschaftshaus Helene Kaisen","alternateName":"na'","url":"https:\/\/na-bremen.de\/","logo":{"@type":"ImageObject","inLanguage":"en-US","@id":"https:\/\/na-bremen.de\/#\/schema\/logo\/image\/","url":"https:\/\/na-bremen.de\/wp-content\/uploads\/2023\/02\/logo-na.svg","contentUrl":"https:\/\/na-bremen.de\/wp-content\/uploads\/2023\/02\/logo-na.svg","width":75,"height":75,"caption":"Nachbarschaftshaus Helene Kaisen"},"image":{"@id":"https:\/\/na-bremen.de\/#\/schema\/logo\/image\/"}}]}},"_links":{"self":[{"href":"https:\/\/na-bremen.de\/en\/wp-json\/wp\/v2\/pages\/2341","targetHints":{"allow":["GET"]}}],"collection":[{"href":"https:\/\/na-bremen.de\/en\/wp-json\/wp\/v2\/pages"}],"about":[{"href":"https:\/\/na-bremen.de\/en\/wp-json\/wp\/v2\/types\/page"}],"author":[{"embeddable":true,"href":"https:\/\/na-bremen.de\/en\/wp-json\/wp\/v2\/users\/2"}],"replies":[{"embeddable":true,"href":"https:\/\/na-bremen.de\/en\/wp-json\/wp\/v2\/comments?post=2341"}],"version-history":[{"count":3,"href":"https:\/\/na-bremen.de\/en\/wp-json\/wp\/v2\/pages\/2341\/revisions"}],"predecessor-version":[{"id":3263,"href":"https:\/\/na-bremen.de\/en\/wp-json\/wp\/v2\/pages\/2341\/revisions\/3263"}],"wp:featuredmedia":[{"embeddable":true,"href":"https:\/\/na-bremen.de\/en\/wp-json\/wp\/v2\/media\/848"}],"wp:attachment":[{"href":"https:\/\/na-bremen.de\/en\/wp-json\/wp\/v2\/media?parent=2341"}],"curies":[{"name":"wp","href":"https:\/\/api.w.org\/{rel}","templated":true}]}}