{"id":25,"date":"2023-02-13T08:27:34","date_gmt":"2023-02-13T07:27:34","guid":{"rendered":"https:\/\/na-bremen.de\/?page_id=25"},"modified":"2026-03-26T12:36:31","modified_gmt":"2026-03-26T11:36:31","slug":"das-haus-helene-kaisen-nachbarschaftshaus","status":"publish","type":"page","link":"https:\/\/na-bremen.de\/en\/das-haus-helene-kaisen-nachbarschaftshaus\/","title":{"rendered":"Das Haus &amp; Helene Kaisen"},"content":{"rendered":"\n<blockquote class=\"wp-block-quote is-style-plain has-fastschwarz-color has-text-color has-link-color wp-elements-4c9e0241e5a5cc2e0f567d0b7592b377 is-layout-flow wp-block-quote-is-layout-flow\" style=\"font-style:normal;font-weight:300\">\n<p class=\"has-black-color has-text-color has-medium-font-size\">&#8220;Der ausschlie\u00dfliche Zweck des Vereins ist die Schaffung und Unterhaltung eines Nachbarschaftshauses in Bremen als St\u00e4tte, die jedem Menschen ohne R\u00fccksicht auf religi\u00f6se, politische oder altersm\u00e4\u00dfige Beschr\u00e4nkung offensteht. Das Haus soll jedem Menschen erm\u00f6glichen, durch praktische Erfahrungen und unmittelbares Erleben den inneren Gehalt einer echten demokratischen Gemeinschaft kennenzulernen. Ferner soll das Haus als Muster f\u00fcr weitere evtl. entstehende derartige H\u00e4user und daher auch als Ausbildungsst\u00e4tte f\u00fcr alle Arten von Kr\u00e4ften der sozialen und p\u00e4dagogischen Arbeit dienen.&#8221;<\/p>\n<cite>na&#8217; &#8211; Satzung<\/cite><\/blockquote>\n\n\n\n<div class=\"wp-block-columns is-layout-flex wp-container-core-columns-is-layout-9d6595d7 wp-block-columns-is-layout-flex\">\n<div class=\"wp-block-column is-layout-flow wp-block-column-is-layout-flow\" style=\"flex-basis:66.66%\">\n<p>Der Plan eines &#8220;Nachbarschaftshauses&#8221; geht auf Kontakte zur\u00fcck, die die Arbeiterwohlfahrt Deutschland kurz nach Kriegsende in den USA zum Sozialwerk der Unitarian Service Committee&#8221; (USC), gekn\u00fcpft hatte. Das freireligi\u00f6se Sozialwerk hatte von sich aus die Idee entwickelt, in Deutschland ein Nachbarschaftshaus in Anlehnung an amerikanische Modelle aufzubauen und damit einen Beitrag zur demokratischen Erneuerung Deutschlands zu leisten.<\/p>\n\n\n\n<h2 class=\"wp-block-heading\">Moderne Methoden der Sozialarbeit<\/h2>\n\n\n\n<p>Als erstes sollte ein &#8220;institute&#8221; zur Fortbildung deutscher Mitarbeiter aus der Wohlfahrtsarbeit eingerichtet werden. Dies geschah im Sommer 1949, weitere folgten zwischen 1950 und 1953. Diese beinhalteten Kurse zur Kinderf\u00fcrsorge, zu Fragen der Jugend- und Wohlfahrtsarbeit, zur Psychiatrie, \u00fcber `moderne Methoden\u00b4 der Sozialarbeit und verbanden dies mit &#8220;Grundkursen in Demokratie&#8221; und mit der Ein\u00fcbung neuer Formen von Geselligkeit und Kommunikation. Dass dann Bremen zum Standort des Nachbarschaftshauses gew\u00e4hlt wurde, verdankt die Stadt den freundschaftlichen Kontakten, die Adolf und Ella Ehlers bereits 1947 zu den deutschen Vertretern des USC gekn\u00fcpft hatten.<\/p>\n<\/div>\n\n\n\n<div class=\"wp-block-column is-layout-flow wp-block-column-is-layout-flow\" style=\"flex-basis:33.33%\">\n<figure class=\"wp-block-image size-full\"><img decoding=\"async\" width=\"237\" height=\"338\" src=\"https:\/\/na-bremen.de\/wp-content\/uploads\/2023\/02\/na_historie1.jpg\" alt=\"Geschichte des Nachbarschaftshauses - die Anf\u00e4nge\" class=\"wp-image-59\" srcset=\"https:\/\/na-bremen.de\/wp-content\/uploads\/2023\/02\/na_historie1.jpg 237w, https:\/\/na-bremen.de\/wp-content\/uploads\/2023\/02\/na_historie1-210x300.jpg 210w\" sizes=\"(max-width: 237px) 100vw, 237px\" \/><figcaption class=\"wp-element-caption\">Von den Anf\u00e4ngen des Nachbarschaftshauses<\/figcaption><\/figure>\n<\/div>\n<\/div>\n\n\n\n<h2 class=\"wp-block-heading\">Gr\u00f6pelingen vom Krieg schwer betroffen<\/h2>\n\n\n\n<p>Im Sommer 1950 war die Entscheidung endg\u00fcltig gefallen. Die eigentlichen Kooperationspartner vom USC Boston waren eigens nach Bremen gekommen, um mit Adolf und Ella Ehlers sowie Lotte Lemke die Idee zu konkretisieren. Hier fiel dann auch die Entscheidung, das Nachbarschaftshaus in gemeinschaftlicher Tr\u00e4gerschaft des Hauptausschusses, des USC, der Stadt Bremen und der AWO zu f\u00fchren und zu diesem Zweck einen eigenen Verein zu gr\u00fcnden. Es wurde ein Arbeitskreis gegr\u00fcndet und mit vorbereitenden Aufgaben beauftragt. Man entschied, das Haus in einem Bremer Arbeiterviertel zu bauen, wobei man sich sehr schnell auf Gr\u00f6pelingen einigte, da dieser vom Krieg schwer betroffene Stadtteil ein dichtbev\u00f6lkertes Arbeitergebiet war, in dem auch viele Kinder lebten. Wie eilig man es hatte, zeigte, dass bereits am 6.12.1950 die Gr\u00fcndungsversammlung f\u00fcr einen &#8220;Verein Nachbarschaftshaus Bremen e.V.&#8221; stattfand. An diesem Tag trafen sich Ella Ehlers, Charlotte Niehaus, Clara Jungmittag, Helene Kaisen, Heinrich Busch, Frieda Lehmkuhl, Frida Paul, Wilhelm Wa\u00dfmann und Anna Prill vom Arbeiterhilfswerk, Lotte Lemke vom Hauptausschu\u00df, Adolf Ehlers als Vertreter der Stadt Bremen. Da eine Gr\u00fcnderorganisation, das USC, nicht anwesend war, wurde die Gr\u00fcndungsversammlung am 8.5.1951 wiederholt. Zur Vorstandsvorsitzenden des Vereins &#8220;Nachbarschaftshaus Gr\u00f6pelingen&#8221; wurde Helene Kaisen gew\u00e4hlt.<\/p>\n\n\n\n<h2 class=\"wp-block-heading\">Der Umzug<\/h2>\n\n\n\n<p>Zun\u00e4chst wurden R\u00e4ume in einem ehemaligen Jugendwohnheim am Halmerweg bezogen, in dem Fl\u00fcchtlingsfamilien und ein AWO Kindergarten untergebracht waren. Die Henry Ford Foundation, die an vielen Stellen den kulturellen Wiederaufbau Deutschlands unterst\u00fctzte, bewilligte dann 150.000 DM an das USC f\u00fcr den Bau eines Nachbarschaftshauses, so da\u00df jetzt gleich an den Kauf eines Grundst\u00fccks und einen Neubau gedacht werden konnte.<\/p>\n\n\n\n<figure class=\"wp-block-embed is-type-video is-provider-youtube wp-block-embed-youtube wp-embed-aspect-4-3 wp-has-aspect-ratio\"><div class=\"wp-block-embed__wrapper\">\n<iframe loading=\"lazy\" title=\"Entstehung Nachbarschaftshaus Bremen e.V.\" width=\"1200\" height=\"900\" src=\"https:\/\/www.youtube.com\/embed\/_BO-yOCE0vY?feature=oembed\" frameborder=\"0\" allow=\"accelerometer; autoplay; clipboard-write; encrypted-media; gyroscope; picture-in-picture; web-share\" referrerpolicy=\"strict-origin-when-cross-origin\" allowfullscreen><\/iframe>\n<\/div><\/figure>\n\n\n\n<h2 class=\"wp-block-heading\">Das neue Haus<\/h2>\n\n\n\n<div class=\"wp-block-columns is-layout-flex wp-container-core-columns-is-layout-9d6595d7 wp-block-columns-is-layout-flex\">\n<div class=\"wp-block-column is-layout-flow wp-block-column-is-layout-flow\">\n<p>Die Stadt Bremen stellte dem Verein ein Grundst\u00fcck f\u00fcr 99 Jahre in Erbpacht zur Verf\u00fcgung, und f\u00fcr den Neubau wurde ein Wettbewerb ausgeschrieben. Das Nachbarschaftshaus wurde auf den Fundamenten der ehemaligen, dann ausgebombten Schule am Ohlenhof 10 in Gr\u00f6pelingen errichtet. Am 11. Dezember 1951 wurde Richtfest gefeiert. Nur ein halbes Jahr sp\u00e4ter, am 26. Mai 1952, fand die Einweihungsfeier mit Schl\u00fcssel\u00fcbergabe statt. Von der \u00d6ffentlichkeit wurde das Haus, schon seiner Einrichtung wegen, bewundernd bestaunt: Es gab mehrere Zimmer f\u00fcr Kinder, ein Lesezimmer, ein Feierabendzimmer, Werkr\u00e4ume und einen gro\u00dfen Vortrags- und Versammlungsraum. Es war etwas entstanden, das Bremen \u00fcber viele Jahre hinweg, wie auch geplant, zum `Pilgerort` f\u00fcr Menschen auf der Suche nach `neuen Wegen` wurde.&nbsp;<\/p>\n<\/div>\n\n\n\n<div class=\"wp-block-column is-layout-flow wp-block-column-is-layout-flow\">\n<figure class=\"wp-block-image size-full\"><img decoding=\"async\" width=\"329\" height=\"250\" src=\"https:\/\/na-bremen.de\/wp-content\/uploads\/2023\/02\/na_historie2.jpg\" alt=\"Neubau des Nachbarschaftshauses Bremen\" class=\"wp-image-73\" srcset=\"https:\/\/na-bremen.de\/wp-content\/uploads\/2023\/02\/na_historie2.jpg 329w, https:\/\/na-bremen.de\/wp-content\/uploads\/2023\/02\/na_historie2-300x228.jpg 300w\" sizes=\"(max-width: 329px) 100vw, 329px\" \/><figcaption class=\"wp-element-caption\">Neubau des Nachbarschaftshauses Bremen 1951\/52<\/figcaption><\/figure>\n<\/div>\n<\/div>\n\n\n\n<h2 class=\"wp-block-heading\">Helene Kaisen<\/h2>\n\n\n\n<div class=\"wp-block-columns is-layout-flex wp-container-core-columns-is-layout-9d6595d7 wp-block-columns-is-layout-flex\">\n<div class=\"wp-block-column is-layout-flow wp-block-column-is-layout-flow\" style=\"flex-basis:66.66%\">\n<p>Helene Schweida wurde am 11.05.1889 in Braunschweig geboren. Ihr Vater war Tischler, die Mutter K\u00f6chin. 1890 wurde der Vater wegen seiner gewerkschaftlichen und politischen Aktivit\u00e4ten aus Braunschweig ausgewiesen; die Familie zog nach Bremen. Helene Schweida besuchte die Volksschule und die Handelsschule. Sie absolvierte eine kaufm\u00e4nnische Lehre und arbeitete bis 1912 als Buchhalterin. Die gewerkschaftlichen und politischen T\u00e4tigkeiten des Vaters regten sie schon fr\u00fch zu eigener politischer Bet\u00e4tigung an. Als 18-J\u00e4hrige wurde sie Mitglied der SPD, zun\u00e4chst in der Sozialistischen Arbeiterjugend. F\u00fcnf Jahre sp\u00e4ter wurde sie als Beisitzerin in den Vorstand des Sozialdemokratischen Vereins gew\u00e4hlt. Sie \u00fcbernahm diverse Partei\u00e4mter und war eine vielbesch\u00e4ftigte Rednerin. Vom Oktober 1913 bis Ende M\u00e4rz 1914 besuchte sie, delegiert durch die Partei, die Parteischule der SPD in Berlin. Hier lernte sie auch ihren sp\u00e4teren Mann, den von der Hamburger SPD delegierten Wilhelm Kaisen, kennen.<\/p>\n<\/div>\n\n\n\n<div class=\"wp-block-column is-layout-flow wp-block-column-is-layout-flow\" style=\"flex-basis:33.33%\">\n<figure class=\"wp-block-image size-full\"><img decoding=\"async\" width=\"180\" height=\"270\" src=\"https:\/\/na-bremen.de\/wp-content\/uploads\/2023\/02\/helene_kaisen.jpg\" alt=\"\" class=\"wp-image-134\"\/><figcaption class=\"wp-element-caption\">Helene Kaisen (geb. Schweida)<\/figcaption><\/figure>\n<\/div>\n<\/div>\n\n\n\n<h4 class=\"wp-block-heading\">Eine F\u00fchrerin der antimilitaristischen Frauenbewegung<\/h4>\n\n\n\n<p>W\u00e4hrend des 1. Weltkrieges arbeitete Helene Schweida zun\u00e4chst im Zentral-Hilfs-Ausschuss vom Roten Kreuz mit. Seit 1916 wandte sie sich zunehmend von der Politik ihrer Partei ab und wurde eine der F\u00fchrerinnen der antimilitaristischen Frauenbewegung in Bremen und Mitglied der oppositionellen Jugendbewegung. Noch vor der Parteienspaltung wurde sie zur Vorsitzenden der Jugendkommission des Sozialdemokratischen Vereins gew\u00e4hlt, die dem linken Parteifl\u00fcgel zugerechnet wurde; 1917 trat sie mit dieser Gruppe der USPD bei (wobei ungesichert ist, ob sie formales Mitglied wurde). Nach ihrer Heirat zog sich Helene Kaisen aus dem politischen Leben zur\u00fcck, wandte sich aber wiederum sozialen Angelegenheiten zu. Sofern sie nicht unmittelbar Mitbegr\u00fcnderin des Ortsausschusses f\u00fcr AWO war, geh\u00f6rte sie zumindest zu den t\u00e4tigen Mitgliedern der Organisation w\u00e4hrend der Weimarer Zeit.<\/p>\n\n\n\n<h4 class=\"wp-block-heading\">Wilhelm Kaisen in &#8220;Schutzhaft&#8221;<\/h4>\n\n\n\n<p>Im Mai 1933 wurde Wilhelm Kaisen f\u00fcr zw\u00f6lf Tage in &#8220;Schutzhaft&#8221; genommen. Die Familie, inzwischen mit vier Kindern, \u00fcbernahm die Siedlerstelle in Bremen Borgfeld, in der sie bis Kriegsende relativ zur\u00fcckgezogen lebte. Helene Kaisen, so ihre Tochter Ilse Kaisen, half w\u00e4hrend dieser Jahre oft im privaten Kreis Menschen in Rechts- und sozialen Angelegenheiten. Zu den Leidenserfahrungen der Familie im Krieg geh\u00f6rte, dass der Sohn Niels 1942 in Ru\u00dfland fiel.<\/p>\n\n\n\n<h4 class=\"wp-block-heading\">First Lady Bremens<\/h4>\n\n\n\n<p>Nach Kriegsende \u2013 Wilhelm Kaisen wurde am 6.6.1945 von der Milit\u00e4rregierung zum Mitglied des Senats und Wohlfahrtssenator ernannt, am 1.8.1945 dann zum B\u00fcrgermeister und Pr\u00e4sidenten des Senats \u2013 engagierte sich die &#8220;first lady&#8221; Bremens erneuert f\u00fcr die AWO, \u00fcbernahm aber \u2013 obwohl als Ehefrau des Senatspr\u00e4sidenten gewi\u00df nicht unbedeutend f\u00fcr die Organisation \u2013 keine hervorragenden \u00c4mter. Eine aktive Rolle in der &#8220;Wohlfahrtspflege&#8221; \u00fcbernahm sie erst mit der Gr\u00fcndung des Vereins Nachbarschaftshaus Bremen e.V. Zwischen 1951 und 1964 war sie die Vereinsvorsitzende.<\/p>\n\n\n\n<p>Helene Kaisen verstarb am 6.9.1973 im Borgfelder Familiensitz.<\/p>\n\n\n\n<hr class=\"wp-block-separator has-alpha-channel-opacity\"\/>\n\n\n\n<p><em>Quelle: Von Friedrich Ebert bis Ella Ehlers<br>Zur Vorgeschichte und zur Geschichte der bremischen Arbeiterwohlfahrt<br>von J\u00fcrgen Blandow, Edition Temmen, Bremen 1995 1<\/em><\/p>\n\n\n\n<p><\/p>\n","protected":false},"excerpt":{"rendered":"<p>&#8220;Der ausschlie\u00dfliche Zweck des Vereins ist die Schaffung und Unterhaltung eines Nachbarschaftshauses in Bremen als St\u00e4tte, die jedem Menschen ohne R\u00fccksicht auf religi\u00f6se, politische oder altersm\u00e4\u00dfige Beschr\u00e4nkung offensteht. Das Haus [&hellip;]<\/p>\n","protected":false},"author":1,"featured_media":0,"parent":0,"menu_order":0,"comment_status":"closed","ping_status":"closed","template":"","meta":{"_EventAllDay":false,"_EventTimezone":"","_EventStartDate":"","_EventEndDate":"","_EventStartDateUTC":"","_EventEndDateUTC":"","_EventShowMap":false,"_EventShowMapLink":false,"_EventURL":"","_EventCost":"","_EventCostDescription":"","_EventCurrencySymbol":"","_EventCurrencyCode":"","_EventCurrencyPosition":"","_EventDateTimeSeparator":"","_EventTimeRangeSeparator":"","_EventOrganizerID":[],"_EventVenueID":[],"_OrganizerEmail":"","_OrganizerPhone":"","_OrganizerWebsite":"","_VenueAddress":"","_VenueCity":"","_VenueCountry":"","_VenueProvince":"","_VenueState":"","_VenueZip":"","_VenuePhone":"","_VenueURL":"","_VenueStateProvince":"","_VenueLat":"","_VenueLng":"","_VenueShowMap":false,"_VenueShowMapLink":false,"footnotes":""},"class_list":["post-25","page","type-page","status-publish","hentry"],"translation":{"provider":"WPGlobus","version":"3.0.2","language":"en","enabled_languages":["de","en"],"languages":{"de":{"title":true,"content":true,"excerpt":false},"en":{"title":false,"content":false,"excerpt":false}}},"yoast_head":"<!-- This site is optimized with the Yoast SEO plugin v27.2 - https:\/\/yoast.com\/product\/yoast-seo-wordpress\/ -->\n<title>Das Haus &amp; Helene Kaisen - na&#039;<\/title>\n<meta name=\"robots\" content=\"index, follow, max-snippet:-1, max-image-preview:large, max-video-preview:-1\" \/>\n<link rel=\"canonical\" href=\"https:\/\/na-bremen.de\/das-haus-helene-kaisen-nachbarschaftshaus\/\" \/>\n<meta property=\"og:locale\" content=\"en_US\" \/>\n<meta property=\"og:type\" content=\"article\" \/>\n<meta property=\"og:title\" content=\"Das Haus &amp; Helene Kaisen - na&#039;\" \/>\n<meta property=\"og:url\" content=\"https:\/\/na-bremen.de\/das-haus-helene-kaisen-nachbarschaftshaus\/\" \/>\n<meta property=\"og:site_name\" content=\"na&#039;\" \/>\n<meta property=\"article:modified_time\" content=\"2026-03-26T11:36:31+00:00\" \/>\n<meta property=\"og:image\" content=\"https:\/\/na-bremen.de\/wp-content\/uploads\/2023\/02\/na_historie1.jpg\" \/>\n\t<meta property=\"og:image:width\" content=\"237\" \/>\n\t<meta property=\"og:image:height\" content=\"338\" \/>\n\t<meta property=\"og:image:type\" content=\"image\/jpeg\" \/>\n<meta name=\"twitter:card\" content=\"summary_large_image\" \/>\n<meta name=\"twitter:label1\" content=\"Est. reading time\" \/>\n\t<meta name=\"twitter:data1\" content=\"7 minutes\" \/>\n<script type=\"application\/ld+json\" class=\"yoast-schema-graph\">{\"@context\":\"https:\/\/schema.org\",\"@graph\":[{\"@type\":\"WebPage\",\"@id\":\"https:\/\/na-bremen.de\/das-haus-helene-kaisen-nachbarschaftshaus\/\",\"url\":\"https:\/\/na-bremen.de\/das-haus-helene-kaisen-nachbarschaftshaus\/\",\"name\":\"Das Haus &amp; Helene Kaisen - na&#039;\",\"isPartOf\":{\"@id\":\"https:\/\/na-bremen.de\/#website\"},\"primaryImageOfPage\":{\"@id\":\"https:\/\/na-bremen.de\/das-haus-helene-kaisen-nachbarschaftshaus\/#primaryimage\"},\"image\":{\"@id\":\"https:\/\/na-bremen.de\/das-haus-helene-kaisen-nachbarschaftshaus\/#primaryimage\"},\"thumbnailUrl\":\"https:\/\/na-bremen.de\/wp-content\/uploads\/2023\/02\/na_historie1.jpg\",\"datePublished\":\"2023-02-13T07:27:34+00:00\",\"dateModified\":\"2026-03-26T11:36:31+00:00\",\"description\":\"Erfahren Sie mehr \u00fcber das Nachbarschaftshaus, das Treffpunkt f\u00fcr Menschen aller Altersgruppen und Hintergr\u00fcnde bietet.\",\"breadcrumb\":{\"@id\":\"https:\/\/na-bremen.de\/das-haus-helene-kaisen-nachbarschaftshaus\/#breadcrumb\"},\"inLanguage\":\"en-US\",\"potentialAction\":[{\"@type\":\"ReadAction\",\"target\":[\"https:\/\/na-bremen.de\/das-haus-helene-kaisen-nachbarschaftshaus\/\"]}]},{\"@type\":\"ImageObject\",\"inLanguage\":\"en-US\",\"@id\":\"https:\/\/na-bremen.de\/das-haus-helene-kaisen-nachbarschaftshaus\/#primaryimage\",\"url\":\"https:\/\/na-bremen.de\/wp-content\/uploads\/2023\/02\/na_historie1.jpg\",\"contentUrl\":\"https:\/\/na-bremen.de\/wp-content\/uploads\/2023\/02\/na_historie1.jpg\"},{\"@type\":\"BreadcrumbList\",\"@id\":\"https:\/\/na-bremen.de\/das-haus-helene-kaisen-nachbarschaftshaus\/#breadcrumb\",\"itemListElement\":[{\"@type\":\"ListItem\",\"position\":1,\"name\":\"Startseite\",\"item\":\"https:\/\/na-bremen.de\/\"},{\"@type\":\"ListItem\",\"position\":2,\"name\":\"Das Haus &amp; Helene Kaisen\"}]},{\"@type\":\"WebSite\",\"@id\":\"https:\/\/na-bremen.de\/#website\",\"url\":\"https:\/\/na-bremen.de\/\",\"name\":\"na&#039;\",\"description\":\"neighborhood house Helen Kaisen\",\"publisher\":{\"@id\":\"https:\/\/na-bremen.de\/#organization\"},\"potentialAction\":[{\"@type\":\"SearchAction\",\"target\":{\"@type\":\"EntryPoint\",\"urlTemplate\":\"https:\/\/na-bremen.de\/?s={search_term_string}\"},\"query-input\":{\"@type\":\"PropertyValueSpecification\",\"valueRequired\":true,\"valueName\":\"search_term_string\"}}],\"inLanguage\":\"en-US\"},{\"@type\":\"Organization\",\"@id\":\"https:\/\/na-bremen.de\/#organization\",\"name\":\"Nachbarschaftshaus Helene Kaisen\",\"alternateName\":\"na'\",\"url\":\"https:\/\/na-bremen.de\/\",\"logo\":{\"@type\":\"ImageObject\",\"inLanguage\":\"en-US\",\"@id\":\"https:\/\/na-bremen.de\/#\/schema\/logo\/image\/\",\"url\":\"https:\/\/na-bremen.de\/wp-content\/uploads\/2023\/02\/logo-na.svg\",\"contentUrl\":\"https:\/\/na-bremen.de\/wp-content\/uploads\/2023\/02\/logo-na.svg\",\"width\":75,\"height\":75,\"caption\":\"Nachbarschaftshaus Helene Kaisen\"},\"image\":{\"@id\":\"https:\/\/na-bremen.de\/#\/schema\/logo\/image\/\"}}]}<\/script>\n<!-- \/ Yoast SEO plugin. -->","yoast_head_json":{"title":"Das Haus &amp; Helene Kaisen - na&#039;","robots":{"index":"index","follow":"follow","max-snippet":"max-snippet:-1","max-image-preview":"max-image-preview:large","max-video-preview":"max-video-preview:-1"},"canonical":"https:\/\/na-bremen.de\/das-haus-helene-kaisen-nachbarschaftshaus\/","og_locale":"en_US","og_type":"article","og_title":"Das Haus &amp; Helene Kaisen - na&#039;","og_url":"https:\/\/na-bremen.de\/das-haus-helene-kaisen-nachbarschaftshaus\/","og_site_name":"na&#039;","article_modified_time":"2026-03-26T11:36:31+00:00","og_image":[{"width":237,"height":338,"url":"https:\/\/na-bremen.de\/wp-content\/uploads\/2023\/02\/na_historie1.jpg","type":"image\/jpeg"}],"twitter_card":"summary_large_image","twitter_misc":{"Est. reading time":"7 minutes"},"schema":{"@context":"https:\/\/schema.org","@graph":[{"@type":"WebPage","@id":"https:\/\/na-bremen.de\/das-haus-helene-kaisen-nachbarschaftshaus\/","url":"https:\/\/na-bremen.de\/das-haus-helene-kaisen-nachbarschaftshaus\/","name":"Das Haus &amp; Helene Kaisen - na&#039;","isPartOf":{"@id":"https:\/\/na-bremen.de\/#website"},"primaryImageOfPage":{"@id":"https:\/\/na-bremen.de\/das-haus-helene-kaisen-nachbarschaftshaus\/#primaryimage"},"image":{"@id":"https:\/\/na-bremen.de\/das-haus-helene-kaisen-nachbarschaftshaus\/#primaryimage"},"thumbnailUrl":"https:\/\/na-bremen.de\/wp-content\/uploads\/2023\/02\/na_historie1.jpg","datePublished":"2023-02-13T07:27:34+00:00","dateModified":"2026-03-26T11:36:31+00:00","description":"Erfahren Sie mehr \u00fcber das Nachbarschaftshaus, das Treffpunkt f\u00fcr Menschen aller Altersgruppen und Hintergr\u00fcnde bietet.","breadcrumb":{"@id":"https:\/\/na-bremen.de\/das-haus-helene-kaisen-nachbarschaftshaus\/#breadcrumb"},"inLanguage":"en-US","potentialAction":[{"@type":"ReadAction","target":["https:\/\/na-bremen.de\/das-haus-helene-kaisen-nachbarschaftshaus\/"]}]},{"@type":"ImageObject","inLanguage":"en-US","@id":"https:\/\/na-bremen.de\/das-haus-helene-kaisen-nachbarschaftshaus\/#primaryimage","url":"https:\/\/na-bremen.de\/wp-content\/uploads\/2023\/02\/na_historie1.jpg","contentUrl":"https:\/\/na-bremen.de\/wp-content\/uploads\/2023\/02\/na_historie1.jpg"},{"@type":"BreadcrumbList","@id":"https:\/\/na-bremen.de\/das-haus-helene-kaisen-nachbarschaftshaus\/#breadcrumb","itemListElement":[{"@type":"ListItem","position":1,"name":"Startseite","item":"https:\/\/na-bremen.de\/"},{"@type":"ListItem","position":2,"name":"Das Haus &amp; Helene Kaisen"}]},{"@type":"WebSite","@id":"https:\/\/na-bremen.de\/#website","url":"https:\/\/na-bremen.de\/","name":"na&#039;","description":"neighborhood house Helen Kaisen","publisher":{"@id":"https:\/\/na-bremen.de\/#organization"},"potentialAction":[{"@type":"SearchAction","target":{"@type":"EntryPoint","urlTemplate":"https:\/\/na-bremen.de\/?s={search_term_string}"},"query-input":{"@type":"PropertyValueSpecification","valueRequired":true,"valueName":"search_term_string"}}],"inLanguage":"en-US"},{"@type":"Organization","@id":"https:\/\/na-bremen.de\/#organization","name":"Nachbarschaftshaus Helene Kaisen","alternateName":"na'","url":"https:\/\/na-bremen.de\/","logo":{"@type":"ImageObject","inLanguage":"en-US","@id":"https:\/\/na-bremen.de\/#\/schema\/logo\/image\/","url":"https:\/\/na-bremen.de\/wp-content\/uploads\/2023\/02\/logo-na.svg","contentUrl":"https:\/\/na-bremen.de\/wp-content\/uploads\/2023\/02\/logo-na.svg","width":75,"height":75,"caption":"Nachbarschaftshaus Helene Kaisen"},"image":{"@id":"https:\/\/na-bremen.de\/#\/schema\/logo\/image\/"}}]}},"_links":{"self":[{"href":"https:\/\/na-bremen.de\/en\/wp-json\/wp\/v2\/pages\/25","targetHints":{"allow":["GET"]}}],"collection":[{"href":"https:\/\/na-bremen.de\/en\/wp-json\/wp\/v2\/pages"}],"about":[{"href":"https:\/\/na-bremen.de\/en\/wp-json\/wp\/v2\/types\/page"}],"author":[{"embeddable":true,"href":"https:\/\/na-bremen.de\/en\/wp-json\/wp\/v2\/users\/1"}],"replies":[{"embeddable":true,"href":"https:\/\/na-bremen.de\/en\/wp-json\/wp\/v2\/comments?post=25"}],"version-history":[{"count":3,"href":"https:\/\/na-bremen.de\/en\/wp-json\/wp\/v2\/pages\/25\/revisions"}],"predecessor-version":[{"id":3547,"href":"https:\/\/na-bremen.de\/en\/wp-json\/wp\/v2\/pages\/25\/revisions\/3547"}],"wp:attachment":[{"href":"https:\/\/na-bremen.de\/en\/wp-json\/wp\/v2\/media?parent=25"}],"curies":[{"name":"wp","href":"https:\/\/api.w.org\/{rel}","templated":true}]}}