{"id":2591,"date":"2025-01-21T09:56:44","date_gmt":"2025-01-21T08:56:44","guid":{"rendered":"https:\/\/na-bremen.de\/?page_id=2591"},"modified":"2026-02-25T13:52:29","modified_gmt":"2026-02-25T12:52:29","slug":"news","status":"publish","type":"page","link":"https:\/\/na-bremen.de\/en\/news\/","title":{"rendered":"Newsletter"},"content":{"rendered":"\n<p>Hier k\u00f6nnen Sie sich zum Newsletter \u2013 den <strong>na\u2019chrichten<\/strong> \u2013 anmelden.<\/p>\n\n\n\n<p>Mit der Anmeldung erhalten Sie in regelm\u00e4\u00dfigen Abst\u00e4nden (maximal 15 Mal im Jahr) aktuelle Veranstaltungshinweise und Informationen zum Nachbarschaftshaus, Begegnungszentrum Plus sowie weiteren Projekten.<\/p>\n\n\n\n<p>Sie k\u00f6nnen den Newsletter jederzeit abbestellen.<\/p>\n\n\n\n<div class=\"wpcf7 no-js\" id=\"wpcf7-f2600-o1\" lang=\"de-DE\" dir=\"ltr\" data-wpcf7-id=\"2600\">\n<div class=\"screen-reader-response\"><p role=\"status\" aria-live=\"polite\" aria-atomic=\"true\"><\/p> <ul><\/ul><\/div>\n<form action=\"\/en\/wp-json\/wp\/v2\/pages\/2591#wpcf7-f2600-o1\" method=\"post\" class=\"wpcf7-form init wpcf7-acceptance-as-validation\" aria-label=\"Kontaktformular\" novalidate=\"novalidate\" data-status=\"init\">\n<fieldset class=\"hidden-fields-container\"><input type=\"hidden\" name=\"_wpcf7\" value=\"2600\" \/><input type=\"hidden\" name=\"_wpcf7_version\" value=\"6.1.5\" \/><input type=\"hidden\" name=\"_wpcf7_locale\" value=\"de_DE\" \/><input type=\"hidden\" name=\"_wpcf7_unit_tag\" value=\"wpcf7-f2600-o1\" \/><input type=\"hidden\" name=\"_wpcf7_container_post\" value=\"0\" \/><input type=\"hidden\" name=\"_wpcf7_posted_data_hash\" value=\"\" \/>\n<\/fieldset>\n<p><label> <strong>Vorname<\/strong><br \/>\n<span class=\"wpcf7-form-control-wrap\" data-name=\"vorname\"><input size=\"40\" maxlength=\"400\" class=\"wpcf7-form-control wpcf7-text\" aria-invalid=\"false\" value=\"\" type=\"text\" name=\"vorname\" \/><\/span> <\/label><br \/>\n<label> <strong>Nachname<\/strong><br \/>\n<span class=\"wpcf7-form-control-wrap\" data-name=\"nachname\"><input size=\"40\" maxlength=\"400\" class=\"wpcf7-form-control wpcf7-text\" aria-invalid=\"false\" value=\"\" type=\"text\" name=\"nachname\" \/><\/span> <\/label>\n<\/p>\n<p><label> <strong>E-Mail-Adresse (Pflichtfeld)<\/strong><br \/>\n<span class=\"wpcf7-form-control-wrap\" data-name=\"your-email\"><input size=\"40\" maxlength=\"400\" class=\"wpcf7-form-control wpcf7-email wpcf7-validates-as-required wpcf7-text wpcf7-validates-as-email\" aria-required=\"true\" aria-invalid=\"false\" value=\"\" type=\"email\" name=\"your-email\" \/><\/span> <\/label>\n<\/p>\n<p><label><strong>Newsletter-Anmeldung<\/strong><br \/>\n<span class=\"wpcf7-form-control-wrap\" data-name=\"newsletter\"><span class=\"wpcf7-form-control wpcf7-acceptance\"><span class=\"wpcf7-list-item\"><label><input type=\"checkbox\" name=\"newsletter\" value=\"1\" aria-invalid=\"false\" \/><span class=\"wpcf7-list-item-label\">Hiermit melde ich mich f\u00fcr die <strong>na\u2019chrichten<\/strong> an. Ich bin einverstanden, in regelm\u00e4\u00dfigen Abst\u00e4nden (max. 15 x pro Jahr) Informationen \u00fcber kommende Veranstaltungen und Ver\u00e4nderungen und Neuerungen im Nachbarschaftshaus zu erhalten.<\/span><\/label><\/span><\/span><\/span><br \/>\n<\/label>\n<\/p>\n<p>Wir wollen unerw\u00fcnschte Nachrichten (Spam) verhindern. Bitte beantworten Sie folgende Frage:\n<\/p>\n<p><strong><span class=\"wpcf7-form-control-wrap\" data-name=\"quiz-439\"><label><span class=\"wpcf7-quiz-label\">Welche Farbe hat das Logo von Na&#039;?<\/span> <input size=\"40\" class=\"wpcf7-form-control wpcf7-quiz\" autocomplete=\"off\" aria-required=\"true\" aria-invalid=\"false\" type=\"text\" name=\"quiz-439\" \/><\/label><input type=\"hidden\" name=\"_wpcf7_quiz_answer_quiz-439\" value=\"d976a3b727801269d94e1257d9a83c94\" \/><\/span><\/strong>\n<\/p>\n<p><span class=\"wpcf7-form-control-wrap\" data-name=\"zustimmung\"><span class=\"wpcf7-form-control wpcf7-acceptance\"><span class=\"wpcf7-list-item\"><label><input type=\"checkbox\" name=\"zustimmung\" value=\"1\" aria-invalid=\"false\" \/><span class=\"wpcf7-list-item-label\">Ja, ich habe die <a href=\"https:\/\/na-bremen.de\/datenschutz\/\" title=\"Datenschutzerkl\u00e4rung\">Datenschutzerkl\u00e4rung<\/a> zur Kenntnis genommen und bin damit einverstanden, dass die von mir angegebenen Daten erhoben und elektronischen verarbeitet werden. Meine Daten werden dabei nur streng zweckgebunden zur Bearbeitung und  Beantwortung meiner Anfrage verwendet.<\/span><\/label><\/span><\/span><\/span>\n<\/p>\n<div class=\"fp-readmore\">\n\t<p><input class=\"wpcf7-form-control wpcf7-submit has-spinner\" type=\"submit\" value=\"Senden\" \/>\n\t<\/p>\n<\/div><div class=\"wpcf7-response-output\" aria-hidden=\"true\"><\/div>\n<\/form>\n<\/div>\n\n\n\n\n<p><\/p>\n","protected":false},"excerpt":{"rendered":"<p>Hier k\u00f6nnen Sie sich zum Newsletter \u2013 den na\u2019chrichten \u2013 anmelden. Mit der Anmeldung erhalten Sie in regelm\u00e4\u00dfigen Abst\u00e4nden (maximal 15 Mal im Jahr) aktuelle Veranstaltungshinweise und Informationen zum Nachbarschaftshaus, [&hellip;]<\/p>\n","protected":false},"author":2,"featured_media":0,"parent":0,"menu_order":0,"comment_status":"closed","ping_status":"closed","template":"","meta":{"_EventAllDay":false,"_EventTimezone":"","_EventStartDate":"","_EventEndDate":"","_EventStartDateUTC":"","_EventEndDateUTC":"","_EventShowMap":false,"_EventShowMapLink":false,"_EventURL":"","_EventCost":"","_EventCostDescription":"","_EventCurrencySymbol":"","_EventCurrencyCode":"","_EventCurrencyPosition":"","_EventDateTimeSeparator":"","_EventTimeRangeSeparator":"","_EventOrganizerID":[],"_EventVenueID":[],"_OrganizerEmail":"","_OrganizerPhone":"","_OrganizerWebsite":"","_VenueAddress":"","_VenueCity":"","_VenueCountry":"","_VenueProvince":"","_VenueState":"","_VenueZip":"","_VenuePhone":"","_VenueURL":"","_VenueStateProvince":"","_VenueLat":"","_VenueLng":"","_VenueShowMap":false,"_VenueShowMapLink":false,"footnotes":""},"class_list":["post-2591","page","type-page","status-publish","hentry"],"translation":{"provider":"WPGlobus","version":"3.0.2","language":"en","enabled_languages":["de","en"],"languages":{"de":{"title":true,"content":true,"excerpt":false},"en":{"title":false,"content":false,"excerpt":false}}},"yoast_head":"<!-- This site is optimized with the Yoast SEO plugin v27.2 - https:\/\/yoast.com\/product\/yoast-seo-wordpress\/ -->\n<title>Newsletter - na&#039;<\/title>\n<meta name=\"robots\" content=\"index, follow, max-snippet:-1, max-image-preview:large, max-video-preview:-1\" \/>\n<link rel=\"canonical\" href=\"https:\/\/na-bremen.de\/news\/\" \/>\n<meta property=\"og:locale\" content=\"en_US\" \/>\n<meta property=\"og:type\" content=\"article\" \/>\n<meta property=\"og:title\" content=\"Newsletter - na&#039;\" \/>\n<meta property=\"og:url\" content=\"https:\/\/na-bremen.de\/news\/\" \/>\n<meta property=\"og:site_name\" content=\"na&#039;\" \/>\n<meta property=\"article:modified_time\" content=\"2026-02-25T12:52:29+00:00\" \/>\n<meta name=\"twitter:card\" content=\"summary_large_image\" \/>\n<meta name=\"twitter:label1\" content=\"Est. reading time\" \/>\n\t<meta name=\"twitter:data1\" content=\"1 minute\" \/>\n<script type=\"application\/ld+json\" class=\"yoast-schema-graph\">{\"@context\":\"https:\/\/schema.org\",\"@graph\":[{\"@type\":\"WebPage\",\"@id\":\"https:\/\/na-bremen.de\/news\/\",\"url\":\"https:\/\/na-bremen.de\/news\/\",\"name\":\"Newsletter - na&#039;\",\"isPartOf\":{\"@id\":\"https:\/\/na-bremen.de\/#website\"},\"datePublished\":\"2025-01-21T08:56:44+00:00\",\"dateModified\":\"2026-02-25T12:52:29+00:00\",\"description\":\"Melden Sie sich f\u00fcr unseren Newsletter na'chrichten an und erhalten Sie regelm\u00e4\u00dfig aktuelle Informationen, Neuigkeiten und spannende Angebote per E-Mail.\",\"breadcrumb\":{\"@id\":\"https:\/\/na-bremen.de\/news\/#breadcrumb\"},\"inLanguage\":\"en-US\",\"potentialAction\":[{\"@type\":\"ReadAction\",\"target\":[\"https:\/\/na-bremen.de\/news\/\"]}]},{\"@type\":\"BreadcrumbList\",\"@id\":\"https:\/\/na-bremen.de\/news\/#breadcrumb\",\"itemListElement\":[{\"@type\":\"ListItem\",\"position\":1,\"name\":\"Startseite\",\"item\":\"https:\/\/na-bremen.de\/\"},{\"@type\":\"ListItem\",\"position\":2,\"name\":\"Newsletter\"}]},{\"@type\":\"WebSite\",\"@id\":\"https:\/\/na-bremen.de\/#website\",\"url\":\"https:\/\/na-bremen.de\/\",\"name\":\"na&#039;\",\"description\":\"neighborhood house Helen Kaisen\",\"publisher\":{\"@id\":\"https:\/\/na-bremen.de\/#organization\"},\"potentialAction\":[{\"@type\":\"SearchAction\",\"target\":{\"@type\":\"EntryPoint\",\"urlTemplate\":\"https:\/\/na-bremen.de\/?s={search_term_string}\"},\"query-input\":{\"@type\":\"PropertyValueSpecification\",\"valueRequired\":true,\"valueName\":\"search_term_string\"}}],\"inLanguage\":\"en-US\"},{\"@type\":\"Organization\",\"@id\":\"https:\/\/na-bremen.de\/#organization\",\"name\":\"Nachbarschaftshaus Helene Kaisen\",\"alternateName\":\"na'\",\"url\":\"https:\/\/na-bremen.de\/\",\"logo\":{\"@type\":\"ImageObject\",\"inLanguage\":\"en-US\",\"@id\":\"https:\/\/na-bremen.de\/#\/schema\/logo\/image\/\",\"url\":\"https:\/\/na-bremen.de\/wp-content\/uploads\/2023\/02\/logo-na.svg\",\"contentUrl\":\"https:\/\/na-bremen.de\/wp-content\/uploads\/2023\/02\/logo-na.svg\",\"width\":75,\"height\":75,\"caption\":\"Nachbarschaftshaus Helene Kaisen\"},\"image\":{\"@id\":\"https:\/\/na-bremen.de\/#\/schema\/logo\/image\/\"}}]}<\/script>\n<!-- \/ Yoast SEO plugin. -->","yoast_head_json":{"title":"Newsletter - na&#039;","robots":{"index":"index","follow":"follow","max-snippet":"max-snippet:-1","max-image-preview":"max-image-preview:large","max-video-preview":"max-video-preview:-1"},"canonical":"https:\/\/na-bremen.de\/news\/","og_locale":"en_US","og_type":"article","og_title":"Newsletter - na&#039;","og_url":"https:\/\/na-bremen.de\/news\/","og_site_name":"na&#039;","article_modified_time":"2026-02-25T12:52:29+00:00","twitter_card":"summary_large_image","twitter_misc":{"Est. reading time":"1 minute"},"schema":{"@context":"https:\/\/schema.org","@graph":[{"@type":"WebPage","@id":"https:\/\/na-bremen.de\/news\/","url":"https:\/\/na-bremen.de\/news\/","name":"Newsletter - na&#039;","isPartOf":{"@id":"https:\/\/na-bremen.de\/#website"},"datePublished":"2025-01-21T08:56:44+00:00","dateModified":"2026-02-25T12:52:29+00:00","description":"Melden Sie sich f\u00fcr unseren Newsletter na'chrichten an und erhalten Sie regelm\u00e4\u00dfig aktuelle Informationen, Neuigkeiten und spannende Angebote per E-Mail.","breadcrumb":{"@id":"https:\/\/na-bremen.de\/news\/#breadcrumb"},"inLanguage":"en-US","potentialAction":[{"@type":"ReadAction","target":["https:\/\/na-bremen.de\/news\/"]}]},{"@type":"BreadcrumbList","@id":"https:\/\/na-bremen.de\/news\/#breadcrumb","itemListElement":[{"@type":"ListItem","position":1,"name":"Startseite","item":"https:\/\/na-bremen.de\/"},{"@type":"ListItem","position":2,"name":"Newsletter"}]},{"@type":"WebSite","@id":"https:\/\/na-bremen.de\/#website","url":"https:\/\/na-bremen.de\/","name":"na&#039;","description":"neighborhood house Helen Kaisen","publisher":{"@id":"https:\/\/na-bremen.de\/#organization"},"potentialAction":[{"@type":"SearchAction","target":{"@type":"EntryPoint","urlTemplate":"https:\/\/na-bremen.de\/?s={search_term_string}"},"query-input":{"@type":"PropertyValueSpecification","valueRequired":true,"valueName":"search_term_string"}}],"inLanguage":"en-US"},{"@type":"Organization","@id":"https:\/\/na-bremen.de\/#organization","name":"Nachbarschaftshaus Helene Kaisen","alternateName":"na'","url":"https:\/\/na-bremen.de\/","logo":{"@type":"ImageObject","inLanguage":"en-US","@id":"https:\/\/na-bremen.de\/#\/schema\/logo\/image\/","url":"https:\/\/na-bremen.de\/wp-content\/uploads\/2023\/02\/logo-na.svg","contentUrl":"https:\/\/na-bremen.de\/wp-content\/uploads\/2023\/02\/logo-na.svg","width":75,"height":75,"caption":"Nachbarschaftshaus Helene Kaisen"},"image":{"@id":"https:\/\/na-bremen.de\/#\/schema\/logo\/image\/"}}]}},"_links":{"self":[{"href":"https:\/\/na-bremen.de\/en\/wp-json\/wp\/v2\/pages\/2591","targetHints":{"allow":["GET"]}}],"collection":[{"href":"https:\/\/na-bremen.de\/en\/wp-json\/wp\/v2\/pages"}],"about":[{"href":"https:\/\/na-bremen.de\/en\/wp-json\/wp\/v2\/types\/page"}],"author":[{"embeddable":true,"href":"https:\/\/na-bremen.de\/en\/wp-json\/wp\/v2\/users\/2"}],"replies":[{"embeddable":true,"href":"https:\/\/na-bremen.de\/en\/wp-json\/wp\/v2\/comments?post=2591"}],"version-history":[{"count":2,"href":"https:\/\/na-bremen.de\/en\/wp-json\/wp\/v2\/pages\/2591\/revisions"}],"predecessor-version":[{"id":2857,"href":"https:\/\/na-bremen.de\/en\/wp-json\/wp\/v2\/pages\/2591\/revisions\/2857"}],"wp:attachment":[{"href":"https:\/\/na-bremen.de\/en\/wp-json\/wp\/v2\/media?parent=2591"}],"curies":[{"name":"wp","href":"https:\/\/api.w.org\/{rel}","templated":true}]}}